{"id":19,"date":"2022-06-29T16:38:23","date_gmt":"2022-06-29T14:38:23","guid":{"rendered":"https:\/\/www.cim-srl.it\/?page_id=19"},"modified":"2025-06-27T12:23:04","modified_gmt":"2025-06-27T10:23:04","slug":"news","status":"publish","type":"page","link":"https:\/\/cim-srl.it\/en\/news\/","title":{"rendered":"News"},"content":{"rendered":"<div data-elementor-type=\"wp-page\" data-elementor-id=\"19\" class=\"elementor elementor-19\" data-elementor-post-type=\"page\">\n\t\t\t\t\t\t<section class=\"elementor-section elementor-top-section elementor-element elementor-element-3e15110 elementor-section-height-min-height elementor-section-boxed elementor-section-height-default elementor-section-items-middle\" data-id=\"3e15110\" data-element_type=\"section\" data-settings=\"{&quot;background_background&quot;:&quot;classic&quot;}\">\n\t\t\t\t\t\t\t<div class=\"elementor-background-overlay\"><\/div>\n\t\t\t\t\t\t\t<div class=\"elementor-container elementor-column-gap-default\">\n\t\t\t\t\t<div class=\"elementor-column elementor-col-100 elementor-top-column elementor-element elementor-element-19f1b87\" data-id=\"19f1b87\" data-element_type=\"column\">\n\t\t\t<div class=\"elementor-widget-wrap elementor-element-populated\">\n\t\t\t\t\t\t<div class=\"elementor-element elementor-element-323c40f elementor-widget elementor-widget-heading\" data-id=\"323c40f\" data-element_type=\"widget\" data-widget_type=\"heading.default\">\n\t\t\t\t<div class=\"elementor-widget-container\">\n\t\t\t\t\t<h2 class=\"elementor-heading-title elementor-size-default\">NEWS<\/h2>\t\t\t\t<\/div>\n\t\t\t\t<\/div>\n\t\t\t\t\t<\/div>\n\t\t<\/div>\n\t\t\t\t\t<\/div>\n\t\t<\/section>\n\t\t\t\t<section class=\"elementor-section elementor-top-section elementor-element elementor-element-917acdd elementor-section-boxed elementor-section-height-default elementor-section-height-default\" data-id=\"917acdd\" data-element_type=\"section\">\n\t\t\t\t\t\t\t<div class=\"elementor-background-overlay\"><\/div>\n\t\t\t\t\t\t\t<div class=\"elementor-container elementor-column-gap-default\">\n\t\t\t\t\t<div class=\"elementor-column elementor-col-100 elementor-top-column elementor-element elementor-element-9462b3c\" data-id=\"9462b3c\" data-element_type=\"column\">\n\t\t\t<div class=\"elementor-widget-wrap elementor-element-populated\">\n\t\t\t\t\t\t<div class=\"elementor-element elementor-element-10e8e16 elementor-grid-3 elementor-grid-tablet-2 elementor-grid-mobile-1 elementor-widget elementor-widget-pp-posts\" data-id=\"10e8e16\" data-element_type=\"widget\" data-widget_type=\"pp-posts.template\">\n\t\t\t\t<div class=\"elementor-widget-container\">\n\t\t\t\t\t\t\t<div class=\"pp-posts-container\">\n\t\t\t\n\t\t\t\t\t\t\t\t\t\t\n\t\t\t<div class=\"pp-posts pp-posts-skin-template elementor-grid pp-posts-grid\" data-query-type=\"custom\" data-layout=\"grid\" data-page=\"19\" data-skin=\"template\">\n\t\t\t\t\t\t\t\t\t\t\t<div class=\"pp-post-wrap pp-grid-item-wrap elementor-grid-item post-168 post type-post status-publish format-standard has-post-thumbnail hentry category-news\">\n\t\t\t\t\t\t<div class=\"pp-post pp-grid-item\">\n\t\t\t\t<div class=\"elementor-template\"><style>.elementor-314 .elementor-element.elementor-element-c141131 > .elementor-container > .elementor-column > .elementor-widget-wrap{align-content:center;align-items:center;}.elementor-314 .elementor-element.elementor-element-c141131 > .elementor-background-overlay{background-color:var( --e-global-color-secondary );opacity:0.82;transition:background 0.3s, border-radius 0.3s, opacity 0.3s;}.elementor-314 .elementor-element.elementor-element-c141131 > .elementor-container{min-height:500px;}.elementor-314 .elementor-element.elementor-element-c141131:not(.elementor-motion-effects-element-type-background), .elementor-314 .elementor-element.elementor-element-c141131 > .elementor-motion-effects-container > .elementor-motion-effects-layer{background-position:bottom center;background-repeat:no-repeat;background-size:cover;}.elementor-314 .elementor-element.elementor-element-c141131:hover > .elementor-background-overlay{opacity:0.1;}.elementor-314 .elementor-element.elementor-element-c141131{transition:background 0.3s, border 0.3s, border-radius 0.3s, box-shadow 0.3s;}.elementor-314 .elementor-element.elementor-element-fcf9b5f:not(.elementor-motion-effects-element-type-background) > .elementor-widget-wrap, .elementor-314 .elementor-element.elementor-element-fcf9b5f > .elementor-widget-wrap > .elementor-motion-effects-container > .elementor-motion-effects-layer{background-color:var( --e-global-color-99c7a3d );}.elementor-314 .elementor-element.elementor-element-fcf9b5f > .elementor-element-populated{transition:background 0.3s, border 0.3s, border-radius 0.3s, box-shadow 0.3s;padding:50px 25px 50px 25px;}.elementor-314 .elementor-element.elementor-element-fcf9b5f > .elementor-element-populated > .elementor-background-overlay{transition:background 0.3s, border-radius 0.3s, opacity 0.3s;}.elementor-widget-heading .elementor-heading-title{color:var( --e-global-color-primary );}.elementor-314 .elementor-element.elementor-element-4b4b0db .elementor-heading-title{font-family:\"gotham-medium\", Sans-serif;font-size:1.1rem;font-weight:600;color:#FFFFFF;}.elementor-widget-button .elementor-button{background-color:var( --e-global-color-accent );}.elementor-314 .elementor-element.elementor-element-936144a .elementor-button{background-color:var( --e-global-color-99c7a3d );padding:0px 0px 0px 0px;}.elementor-314 .elementor-element.elementor-element-936144a > .elementor-widget-container{margin:0px 0px 0px 0px;padding:0px 0px 0px 0px;}.elementor-314 .elementor-element.elementor-element-936144a .elementor-button-content-wrapper{flex-direction:row-reverse;}@media(max-width:767px){.elementor-bc-flex-widget .elementor-314 .elementor-element.elementor-element-fcf9b5f.elementor-column .elementor-widget-wrap{align-items:flex-end;}.elementor-314 .elementor-element.elementor-element-fcf9b5f.elementor-column.elementor-element[data-element_type=\"column\"] > .elementor-widget-wrap.elementor-element-populated{align-content:flex-end;align-items:flex-end;}.elementor-314 .elementor-element.elementor-element-fcf9b5f > .elementor-element-populated{padding:0px 50px 50px 50px;}.elementor-314 .elementor-element.elementor-element-4b4b0db > .elementor-widget-container{margin:35px 0px 20px 0px;}.elementor-314 .elementor-element.elementor-element-4b4b0db .elementor-heading-title{font-size:17px;line-height:61px;}}<\/style>\t\t<div data-elementor-type=\"loop\" data-elementor-id=\"314\" class=\"elementor elementor-314 post-168 post type-post status-publish format-standard has-post-thumbnail hentry category-news\" data-elementor-post-type=\"elementor_library\">\n\t\t\t<style id=\"pp-template-loop-css-314-c141131\">\n\t\t\t\t\t.elementor-314 .elementor-element.elementor-element-c141131.elementor-pp-element-c141131-168:not(.elementor-motion-effects-element-type-background),\n\t\t\t\t\t.elementor-314 .elementor-element.elementor-element-c141131.elementor-pp-element-c141131-168 > .elementor-motion-effects-container > .elementor-motion-effects-layer{background-image:url(https:\/\/cim-srl.it\/wp-content\/uploads\/2022\/07\/116111157_189858375831143_4383444178037729528_n.jpg);}<\/style>\t\t<section data-pp-template-widget-id=\"c141131-168\" class=\"elementor-pp-element-c141131-168 elementor-section elementor-top-section elementor-element elementor-element-c141131 elementor-section-full_width elementor-section-height-min-height elementor-section-items-bottom elementor-section-content-middle elementor-section-height-default\" data-id=\"c141131\" data-element_type=\"section\" data-settings=\"{&quot;background_background&quot;:&quot;classic&quot;}\">\n\t\t\t\t\t\t\t<div class=\"elementor-background-overlay\"><\/div>\n\t\t\t\t\t\t\t<div class=\"elementor-container elementor-column-gap-default\">\n\t\t\t\t\t<div data-pp-template-widget-id=\"fcf9b5f-168\" class=\"elementor-pp-element-fcf9b5f-168 elementor-column elementor-col-100 elementor-top-column elementor-element elementor-element-fcf9b5f\" data-id=\"fcf9b5f\" data-element_type=\"column\" data-settings=\"{&quot;background_background&quot;:&quot;classic&quot;}\">\n\t\t\t<div class=\"elementor-widget-wrap elementor-element-populated\">\n\t\t\t\t\t\t<div data-pp-template-widget-id=\"4b4b0db-168\" class=\"elementor-pp-element-4b4b0db-168 elementor-element elementor-element-4b4b0db elementor-widget elementor-widget-heading\" data-id=\"4b4b0db\" data-element_type=\"widget\" data-widget_type=\"heading.default\">\n\t\t\t\t<div class=\"elementor-widget-container\">\n\t\t\t\t\t<h2 class=\"elementor-heading-title elementor-size-default\"><a href=\"https:\/\/cim-srl.it\/en\/2022\/07\/05\/la-dott-ssa-maggino-visita-la-cim-srl\/\">DR MAGGINO VISITS CIM SRL<\/a><\/h2>\t\t\t\t<\/div>\n\t\t\t\t<\/div>\n\t\t\t\t<div data-pp-template-widget-id=\"936144a-168\" class=\"elementor-pp-element-936144a-168 elementor-element elementor-element-936144a elementor-align-left elementor-widget elementor-widget-button\" data-id=\"936144a\" data-element_type=\"widget\" data-widget_type=\"button.default\">\n\t\t\t\t<div class=\"elementor-widget-container\">\n\t\t\t\t\t\t\t\t\t<div class=\"elementor-button-wrapper\">\n\t\t\t\t\t<a class=\"elementor-button elementor-button-link elementor-size-sm\" href=\"https:\/\/cim-srl.it\/en\/2022\/07\/05\/la-dott-ssa-maggino-visita-la-cim-srl\/\">\n\t\t\t\t\t\t<span class=\"elementor-button-content-wrapper\">\n\t\t\t\t\t\t<span class=\"elementor-button-icon\">\n\t\t\t\t<i aria-hidden=\"true\" class=\"fas fa-arrow-circle-right\"><\/i>\t\t\t<\/span>\n\t\t\t\t\t\t\t\t\t<span class=\"elementor-button-text\">Discover<\/span>\n\t\t\t\t\t<\/span>\n\t\t\t\t\t<\/a>\n\t\t\t\t<\/div>\n\t\t\t\t\t\t\t\t<\/div>\n\t\t\t\t<\/div>\n\t\t\t\t\t<\/div>\n\t\t<\/div>\n\t\t\t\t\t<\/div>\n\t\t<\/section>\n\t\t\t\t<\/div>\n\t\t<\/div>\t\t\t<\/div>\n\t\t\t\t\t<\/div>\n\t\t\t\t<div class=\"pp-post-wrap pp-grid-item-wrap elementor-grid-item post-151 post type-post status-publish format-standard has-post-thumbnail hentry category-news\">\n\t\t\t\t\t\t<div class=\"pp-post pp-grid-item\">\n\t\t\t\t<div class=\"elementor-template\"><style>.elementor-314 .elementor-element.elementor-element-c141131 > .elementor-container > .elementor-column > .elementor-widget-wrap{align-content:center;align-items:center;}.elementor-314 .elementor-element.elementor-element-c141131 > .elementor-background-overlay{background-color:var( --e-global-color-secondary );opacity:0.82;transition:background 0.3s, border-radius 0.3s, opacity 0.3s;}.elementor-314 .elementor-element.elementor-element-c141131 > .elementor-container{min-height:500px;}.elementor-314 .elementor-element.elementor-element-c141131:not(.elementor-motion-effects-element-type-background), .elementor-314 .elementor-element.elementor-element-c141131 > .elementor-motion-effects-container > .elementor-motion-effects-layer{background-position:bottom center;background-repeat:no-repeat;background-size:cover;}.elementor-314 .elementor-element.elementor-element-c141131:hover > .elementor-background-overlay{opacity:0.1;}.elementor-314 .elementor-element.elementor-element-c141131{transition:background 0.3s, border 0.3s, border-radius 0.3s, box-shadow 0.3s;}.elementor-314 .elementor-element.elementor-element-fcf9b5f:not(.elementor-motion-effects-element-type-background) > .elementor-widget-wrap, .elementor-314 .elementor-element.elementor-element-fcf9b5f > .elementor-widget-wrap > .elementor-motion-effects-container > .elementor-motion-effects-layer{background-color:var( --e-global-color-99c7a3d );}.elementor-314 .elementor-element.elementor-element-fcf9b5f > .elementor-element-populated{transition:background 0.3s, border 0.3s, border-radius 0.3s, box-shadow 0.3s;padding:50px 25px 50px 25px;}.elementor-314 .elementor-element.elementor-element-fcf9b5f > .elementor-element-populated > .elementor-background-overlay{transition:background 0.3s, border-radius 0.3s, opacity 0.3s;}.elementor-widget-heading .elementor-heading-title{color:var( --e-global-color-primary );}.elementor-314 .elementor-element.elementor-element-4b4b0db .elementor-heading-title{font-family:\"gotham-medium\", Sans-serif;font-size:1.1rem;font-weight:600;color:#FFFFFF;}.elementor-widget-button .elementor-button{background-color:var( --e-global-color-accent );}.elementor-314 .elementor-element.elementor-element-936144a .elementor-button{background-color:var( --e-global-color-99c7a3d );padding:0px 0px 0px 0px;}.elementor-314 .elementor-element.elementor-element-936144a > .elementor-widget-container{margin:0px 0px 0px 0px;padding:0px 0px 0px 0px;}.elementor-314 .elementor-element.elementor-element-936144a .elementor-button-content-wrapper{flex-direction:row-reverse;}@media(max-width:767px){.elementor-bc-flex-widget .elementor-314 .elementor-element.elementor-element-fcf9b5f.elementor-column .elementor-widget-wrap{align-items:flex-end;}.elementor-314 .elementor-element.elementor-element-fcf9b5f.elementor-column.elementor-element[data-element_type=\"column\"] > .elementor-widget-wrap.elementor-element-populated{align-content:flex-end;align-items:flex-end;}.elementor-314 .elementor-element.elementor-element-fcf9b5f > .elementor-element-populated{padding:0px 50px 50px 50px;}.elementor-314 .elementor-element.elementor-element-4b4b0db > .elementor-widget-container{margin:35px 0px 20px 0px;}.elementor-314 .elementor-element.elementor-element-4b4b0db .elementor-heading-title{font-size:17px;line-height:61px;}}<\/style>\t\t<div data-elementor-type=\"loop\" data-elementor-id=\"314\" class=\"elementor elementor-314 post-151 post type-post status-publish format-standard has-post-thumbnail hentry category-news\" data-elementor-post-type=\"elementor_library\">\n\t\t\t<style id=\"pp-template-loop-css-314-c141131\">\n\t\t\t\t\t.elementor-314 .elementor-element.elementor-element-c141131.elementor-pp-element-c141131-168:not(.elementor-motion-effects-element-type-background),\n\t\t\t\t\t.elementor-314 .elementor-element.elementor-element-c141131.elementor-pp-element-c141131-168 > .elementor-motion-effects-container > .elementor-motion-effects-layer{background-image:url(https:\/\/cim-srl.it\/wp-content\/uploads\/2022\/07\/116111157_189858375831143_4383444178037729528_n.jpg);}<\/style><style id=\"pp-template-loop-css-314-c141131\">\n\t\t\t\t\t.elementor-314 .elementor-element.elementor-element-c141131.elementor-pp-element-c141131-151:not(.elementor-motion-effects-element-type-background),\n\t\t\t\t\t.elementor-314 .elementor-element.elementor-element-c141131.elementor-pp-element-c141131-151 > .elementor-motion-effects-container > .elementor-motion-effects-layer{background-image:url(https:\/\/cim-srl.it\/wp-content\/uploads\/2022\/07\/WhatsApp-Image-2020-09-16-at-18.30.44-1.jpeg);}<\/style>\t\t<section data-pp-template-widget-id=\"c141131-151\" class=\"elementor-pp-element-c141131-151 elementor-section elementor-top-section elementor-element elementor-element-c141131 elementor-section-full_width elementor-section-height-min-height elementor-section-items-bottom elementor-section-content-middle elementor-section-height-default\" data-id=\"c141131\" data-element_type=\"section\" data-settings=\"{&quot;background_background&quot;:&quot;classic&quot;}\">\n\t\t\t\t\t\t\t<div class=\"elementor-background-overlay\"><\/div>\n\t\t\t\t\t\t\t<div class=\"elementor-container elementor-column-gap-default\">\n\t\t\t\t\t<div data-pp-template-widget-id=\"fcf9b5f-151\" class=\"elementor-pp-element-fcf9b5f-151 elementor-column elementor-col-100 elementor-top-column elementor-element elementor-element-fcf9b5f\" data-id=\"fcf9b5f\" data-element_type=\"column\" data-settings=\"{&quot;background_background&quot;:&quot;classic&quot;}\">\n\t\t\t<div class=\"elementor-widget-wrap elementor-element-populated\">\n\t\t\t\t\t\t<div data-pp-template-widget-id=\"4b4b0db-151\" class=\"elementor-pp-element-4b4b0db-151 elementor-element elementor-element-4b4b0db elementor-widget elementor-widget-heading\" data-id=\"4b4b0db\" data-element_type=\"widget\" data-widget_type=\"heading.default\">\n\t\t\t\t<div class=\"elementor-widget-container\">\n\t\t\t\t\t<h2 class=\"elementor-heading-title elementor-size-default\"><a href=\"https:\/\/cim-srl.it\/en\/2022\/07\/05\/ancora-unimportante-visita-in-cim-srl\/\">YET ANOTHER IMPORTANT VISIT TO CIM LTD.<\/a><\/h2>\t\t\t\t<\/div>\n\t\t\t\t<\/div>\n\t\t\t\t<div data-pp-template-widget-id=\"936144a-151\" class=\"elementor-pp-element-936144a-151 elementor-element elementor-element-936144a elementor-align-left elementor-widget elementor-widget-button\" data-id=\"936144a\" data-element_type=\"widget\" data-widget_type=\"button.default\">\n\t\t\t\t<div class=\"elementor-widget-container\">\n\t\t\t\t\t\t\t\t\t<div class=\"elementor-button-wrapper\">\n\t\t\t\t\t<a class=\"elementor-button elementor-button-link elementor-size-sm\" href=\"https:\/\/cim-srl.it\/en\/2022\/07\/05\/ancora-unimportante-visita-in-cim-srl\/\">\n\t\t\t\t\t\t<span class=\"elementor-button-content-wrapper\">\n\t\t\t\t\t\t<span class=\"elementor-button-icon\">\n\t\t\t\t<i aria-hidden=\"true\" class=\"fas fa-arrow-circle-right\"><\/i>\t\t\t<\/span>\n\t\t\t\t\t\t\t\t\t<span class=\"elementor-button-text\">Discover<\/span>\n\t\t\t\t\t<\/span>\n\t\t\t\t\t<\/a>\n\t\t\t\t<\/div>\n\t\t\t\t\t\t\t\t<\/div>\n\t\t\t\t<\/div>\n\t\t\t\t\t<\/div>\n\t\t<\/div>\n\t\t\t\t\t<\/div>\n\t\t<\/section>\n\t\t\t\t<\/div>\n\t\t<\/div>\t\t\t<\/div>\n\t\t\t\t\t<\/div>\n\t\t\t\t\t\t\t\t\t<\/div>\n\t\t\t\n\t\t\t\n\t\t\t\n\t\t\t\n\t\t\t\t\t\t\t\t\t\t\t\t<\/div>\n\n\t\t\n\t\t\t\t\t\t<\/div>\n\t\t\t\t<\/div>\n\t\t\t\t\t<\/div>\n\t\t<\/div>\n\t\t\t\t\t<\/div>\n\t\t<\/section>\n\t\t\t\t<\/div>","protected":false},"excerpt":{"rendered":"<p>NEWS Discover<\/p>","protected":false},"author":1,"featured_media":0,"parent":0,"menu_order":0,"comment_status":"closed","ping_status":"closed","template":"elementor_header_footer","meta":{"footnotes":""},"class_list":["post-19","page","type-page","status-publish","hentry"],"acf":[],"yoast_head":"<!-- This site is optimized with the Yoast SEO plugin v25.3.1 - https:\/\/yoast.com\/wordpress\/plugins\/seo\/ -->\n<title>News - CIM Srl<\/title>\n<meta name=\"description\" content=\"Il viceministro delle infrastrutture e dei trasporti, GianCarlo Cancelleri, durante la sua visita in irpina ha voluto conoscere le pi\u00f9 importanti realt\u00e0 produttive e si \u00e8 soffermato anche per una visita in CIM srl.\" \/>\n<meta name=\"robots\" content=\"index, follow, max-snippet:-1, max-image-preview:large, max-video-preview:-1\" \/>\n<link rel=\"canonical\" href=\"https:\/\/cim-srl.it\/en\/news\/\" \/>\n<meta property=\"og:locale\" content=\"en_GB\" \/>\n<meta property=\"og:type\" content=\"article\" \/>\n<meta property=\"og:title\" content=\"News - CIM Srl\" \/>\n<meta property=\"og:description\" content=\"Il viceministro delle infrastrutture e dei trasporti, GianCarlo Cancelleri, durante la sua visita in irpina ha voluto conoscere le pi\u00f9 importanti realt\u00e0 produttive e si \u00e8 soffermato anche per una visita in CIM srl.\" \/>\n<meta property=\"og:url\" content=\"https:\/\/cim-srl.it\/en\/news\/\" \/>\n<meta property=\"og:site_name\" content=\"CIM Srl\" \/>\n<meta property=\"article:modified_time\" content=\"2025-06-27T10:23:04+00:00\" \/>\n<meta name=\"twitter:card\" content=\"summary_large_image\" \/>\n<meta name=\"twitter:label1\" content=\"Estimated reading time\" \/>\n\t<meta name=\"twitter:data1\" content=\"1 minute\" \/>\n<script type=\"application\/ld+json\" class=\"yoast-schema-graph\">{\"@context\":\"https:\/\/schema.org\",\"@graph\":[{\"@type\":\"WebPage\",\"@id\":\"https:\/\/cim-srl.it\/news\/\",\"url\":\"https:\/\/cim-srl.it\/news\/\",\"name\":\"News - CIM Srl\",\"isPartOf\":{\"@id\":\"https:\/\/cim-srl.it\/#website\"},\"datePublished\":\"2022-06-29T14:38:23+00:00\",\"dateModified\":\"2025-06-27T10:23:04+00:00\",\"description\":\"Il viceministro delle infrastrutture e dei trasporti, GianCarlo Cancelleri, durante la sua visita in irpina ha voluto conoscere le pi\u00f9 importanti realt\u00e0 produttive e si \u00e8 soffermato anche per una visita in CIM srl.\",\"breadcrumb\":{\"@id\":\"https:\/\/cim-srl.it\/news\/#breadcrumb\"},\"inLanguage\":\"en-GB\",\"potentialAction\":[{\"@type\":\"ReadAction\",\"target\":[\"https:\/\/cim-srl.it\/news\/\"]}]},{\"@type\":\"BreadcrumbList\",\"@id\":\"https:\/\/cim-srl.it\/news\/#breadcrumb\",\"itemListElement\":[{\"@type\":\"ListItem\",\"position\":1,\"name\":\"Home\",\"item\":\"https:\/\/cim-srl.it\/\"},{\"@type\":\"ListItem\",\"position\":2,\"name\":\"News\"}]},{\"@type\":\"WebSite\",\"@id\":\"https:\/\/cim-srl.it\/#website\",\"url\":\"https:\/\/cim-srl.it\/\",\"name\":\"CIM Srl\",\"description\":\"\",\"publisher\":{\"@id\":\"https:\/\/cim-srl.it\/#organization\"},\"potentialAction\":[{\"@type\":\"SearchAction\",\"target\":{\"@type\":\"EntryPoint\",\"urlTemplate\":\"https:\/\/cim-srl.it\/?s={search_term_string}\"},\"query-input\":{\"@type\":\"PropertyValueSpecification\",\"valueRequired\":true,\"valueName\":\"search_term_string\"}}],\"inLanguage\":\"en-GB\"},{\"@type\":\"Organization\",\"@id\":\"https:\/\/cim-srl.it\/#organization\",\"name\":\"CIM Srl\",\"url\":\"https:\/\/cim-srl.it\/\",\"logo\":{\"@type\":\"ImageObject\",\"inLanguage\":\"en-GB\",\"@id\":\"https:\/\/cim-srl.it\/#\/schema\/logo\/image\/\",\"url\":\"https:\/\/cim-srl.it\/wp-content\/uploads\/2022\/07\/logo-x-fondo-nero-1.png\",\"contentUrl\":\"https:\/\/cim-srl.it\/wp-content\/uploads\/2022\/07\/logo-x-fondo-nero-1.png\",\"width\":500,\"height\":272,\"caption\":\"CIM Srl\"},\"image\":{\"@id\":\"https:\/\/cim-srl.it\/#\/schema\/logo\/image\/\"}}]}<\/script>\n<!-- \/ Yoast SEO plugin. -->","yoast_head_json":{"title":"News - CIM Srl","description":"Il viceministro delle infrastrutture e dei trasporti, GianCarlo Cancelleri, durante la sua visita in irpina ha voluto conoscere le pi\u00f9 importanti realt\u00e0 produttive e si \u00e8 soffermato anche per una visita in CIM srl.","robots":{"index":"index","follow":"follow","max-snippet":"max-snippet:-1","max-image-preview":"max-image-preview:large","max-video-preview":"max-video-preview:-1"},"canonical":"https:\/\/cim-srl.it\/en\/news\/","og_locale":"en_GB","og_type":"article","og_title":"News - CIM Srl","og_description":"Il viceministro delle infrastrutture e dei trasporti, GianCarlo Cancelleri, durante la sua visita in irpina ha voluto conoscere le pi\u00f9 importanti realt\u00e0 produttive e si \u00e8 soffermato anche per una visita in CIM srl.","og_url":"https:\/\/cim-srl.it\/en\/news\/","og_site_name":"CIM Srl","article_modified_time":"2025-06-27T10:23:04+00:00","twitter_card":"summary_large_image","twitter_misc":{"Estimated reading time":"1 minute"},"schema":{"@context":"https:\/\/schema.org","@graph":[{"@type":"WebPage","@id":"https:\/\/cim-srl.it\/news\/","url":"https:\/\/cim-srl.it\/news\/","name":"News - CIM Srl","isPartOf":{"@id":"https:\/\/cim-srl.it\/#website"},"datePublished":"2022-06-29T14:38:23+00:00","dateModified":"2025-06-27T10:23:04+00:00","description":"Il viceministro delle infrastrutture e dei trasporti, GianCarlo Cancelleri, durante la sua visita in irpina ha voluto conoscere le pi\u00f9 importanti realt\u00e0 produttive e si \u00e8 soffermato anche per una visita in CIM srl.","breadcrumb":{"@id":"https:\/\/cim-srl.it\/news\/#breadcrumb"},"inLanguage":"en-GB","potentialAction":[{"@type":"ReadAction","target":["https:\/\/cim-srl.it\/news\/"]}]},{"@type":"BreadcrumbList","@id":"https:\/\/cim-srl.it\/news\/#breadcrumb","itemListElement":[{"@type":"ListItem","position":1,"name":"Home","item":"https:\/\/cim-srl.it\/"},{"@type":"ListItem","position":2,"name":"News"}]},{"@type":"WebSite","@id":"https:\/\/cim-srl.it\/#website","url":"https:\/\/cim-srl.it\/","name":"CIM Srl","description":"","publisher":{"@id":"https:\/\/cim-srl.it\/#organization"},"potentialAction":[{"@type":"SearchAction","target":{"@type":"EntryPoint","urlTemplate":"https:\/\/cim-srl.it\/?s={search_term_string}"},"query-input":{"@type":"PropertyValueSpecification","valueRequired":true,"valueName":"search_term_string"}}],"inLanguage":"en-GB"},{"@type":"Organization","@id":"https:\/\/cim-srl.it\/#organization","name":"CIM Srl","url":"https:\/\/cim-srl.it\/","logo":{"@type":"ImageObject","inLanguage":"en-GB","@id":"https:\/\/cim-srl.it\/#\/schema\/logo\/image\/","url":"https:\/\/cim-srl.it\/wp-content\/uploads\/2022\/07\/logo-x-fondo-nero-1.png","contentUrl":"https:\/\/cim-srl.it\/wp-content\/uploads\/2022\/07\/logo-x-fondo-nero-1.png","width":500,"height":272,"caption":"CIM Srl"},"image":{"@id":"https:\/\/cim-srl.it\/#\/schema\/logo\/image\/"}}]}},"_links":{"self":[{"href":"https:\/\/cim-srl.it\/en\/wp-json\/wp\/v2\/pages\/19","targetHints":{"allow":["GET"]}}],"collection":[{"href":"https:\/\/cim-srl.it\/en\/wp-json\/wp\/v2\/pages"}],"about":[{"href":"https:\/\/cim-srl.it\/en\/wp-json\/wp\/v2\/types\/page"}],"author":[{"embeddable":true,"href":"https:\/\/cim-srl.it\/en\/wp-json\/wp\/v2\/users\/1"}],"replies":[{"embeddable":true,"href":"https:\/\/cim-srl.it\/en\/wp-json\/wp\/v2\/comments?post=19"}],"version-history":[{"count":14,"href":"https:\/\/cim-srl.it\/en\/wp-json\/wp\/v2\/pages\/19\/revisions"}],"predecessor-version":[{"id":1371,"href":"https:\/\/cim-srl.it\/en\/wp-json\/wp\/v2\/pages\/19\/revisions\/1371"}],"wp:attachment":[{"href":"https:\/\/cim-srl.it\/en\/wp-json\/wp\/v2\/media?parent=19"}],"curies":[{"name":"wp","href":"https:\/\/api.w.org\/{rel}","templated":true}]}}